{"id":5418,"date":"2022-01-26T19:59:32","date_gmt":"2022-01-26T19:59:32","guid":{"rendered":"https:\/\/prosman-pavlovic.mooore.sk\/?page_id=5418"},"modified":"2022-04-01T10:23:05","modified_gmt":"2022-04-01T09:23:05","slug":"domovska-stranka","status":"publish","type":"page","link":"https:\/\/prosman-pavlovic.mooore.sk\/es\/","title":{"rendered":"Domovsk\u00e1 str\u00e1nka"},"content":{"rendered":"","protected":false},"excerpt":{"rendered":"","protected":false},"author":6,"featured_media":0,"parent":0,"menu_order":0,"comment_status":"closed","ping_status":"closed","template":"template-home.php","meta":{"_acf_changed":false,"inline_featured_image":false},"class_list":["post-5418","page","type-page","status-publish","hentry"],"acf":[],"yoast_head":"<!-- This site is optimized with the Yoast SEO plugin v23.0 - https:\/\/yoast.com\/wordpress\/plugins\/seo\/ -->\n<title>Servicios legales | Prosman &amp; Pavlovi\u010d<\/title>\n<meta name=\"description\" content=\"Prestamos servicios legales complejosseg\u00fan los est\u00e1ndares de despachos internacionales, con el m\u00e1ximo \u00e9nfasis en la calidad y eficiencia.\" \/>\n<meta name=\"robots\" content=\"index, follow, max-snippet:-1, max-image-preview:large, max-video-preview:-1\" \/>\n<link rel=\"canonical\" href=\"https:\/\/prosman-pavlovic.mooore.sk\/es\/\" \/>\n<meta property=\"og:locale\" content=\"es_ES\" \/>\n<meta property=\"og:type\" content=\"article\" \/>\n<meta property=\"og:title\" content=\"Servicios legales  |  Prosman &amp; Pavlovi\u010d\" \/>\n<meta property=\"og:description\" content=\"Prestamos servicios legales complejosseg\u00fan los est\u00e1ndares de despachos internacionales, con el m\u00e1ximo \u00e9nfasis en la calidad y eficiencia.\" \/>\n<meta property=\"og:url\" content=\"https:\/\/prosman-pavlovic.mooore.sk\/es\/\" \/>\n<meta property=\"og:site_name\" content=\"Prosman &amp; Pavlovi\u010d oficina del abogado\" \/>\n<meta property=\"article:modified_time\" content=\"2022-04-01T09:23:05+00:00\" \/>\n<meta name=\"twitter:card\" content=\"summary_large_image\" \/>\n<script type=\"application\/ld+json\" class=\"yoast-schema-graph\">{\"@context\":\"https:\/\/schema.org\",\"@graph\":[{\"@type\":\"WebPage\",\"@id\":\"https:\/\/prosman-pavlovic.mooore.sk\/es\/\",\"url\":\"https:\/\/prosman-pavlovic.mooore.sk\/es\/\",\"name\":\"Servicios legales | Prosman & Pavlovi\u010d\",\"isPartOf\":{\"@id\":\"https:\/\/prosman-pavlovic.mooore.sk\/#website\"},\"datePublished\":\"2022-01-26T19:59:32+00:00\",\"dateModified\":\"2022-04-01T09:23:05+00:00\",\"description\":\"Prestamos servicios legales complejosseg\u00fan los est\u00e1ndares de despachos internacionales, con el m\u00e1ximo \u00e9nfasis en la calidad y eficiencia.\",\"breadcrumb\":{\"@id\":\"https:\/\/prosman-pavlovic.mooore.sk\/es\/#breadcrumb\"},\"inLanguage\":\"es\",\"potentialAction\":[{\"@type\":\"ReadAction\",\"target\":[\"https:\/\/prosman-pavlovic.mooore.sk\/es\/\"]}]},{\"@type\":\"BreadcrumbList\",\"@id\":\"https:\/\/prosman-pavlovic.mooore.sk\/es\/#breadcrumb\",\"itemListElement\":[{\"@type\":\"ListItem\",\"position\":1,\"name\":\"Home\",\"item\":\"https:\/\/prosman-pavlovic.mooore.sk\/es\/\"},{\"@type\":\"ListItem\",\"position\":2,\"name\":\"Domovsk\u00e1 str\u00e1nka\"}]},{\"@type\":\"WebSite\",\"@id\":\"https:\/\/prosman-pavlovic.mooore.sk\/#website\",\"url\":\"https:\/\/prosman-pavlovic.mooore.sk\/\",\"name\":\"Prosman &amp; Pavlovi\u010d oficina del abogado\",\"description\":\"\",\"potentialAction\":[{\"@type\":\"SearchAction\",\"target\":{\"@type\":\"EntryPoint\",\"urlTemplate\":\"https:\/\/prosman-pavlovic.mooore.sk\/?s={search_term_string}\"},\"query-input\":\"required name=search_term_string\"}],\"inLanguage\":\"es\"}]}<\/script>\n<!-- \/ Yoast SEO plugin. -->","yoast_head_json":{"title":"Servicios legales | Prosman & Pavlovi\u010d","description":"Prestamos servicios legales complejosseg\u00fan los est\u00e1ndares de despachos internacionales, con el m\u00e1ximo \u00e9nfasis en la calidad y eficiencia.","robots":{"index":"index","follow":"follow","max-snippet":"max-snippet:-1","max-image-preview":"max-image-preview:large","max-video-preview":"max-video-preview:-1"},"canonical":"https:\/\/prosman-pavlovic.mooore.sk\/es\/","og_locale":"es_ES","og_type":"article","og_title":"Servicios legales  |  Prosman & Pavlovi\u010d","og_description":"Prestamos servicios legales complejosseg\u00fan los est\u00e1ndares de despachos internacionales, con el m\u00e1ximo \u00e9nfasis en la calidad y eficiencia.","og_url":"https:\/\/prosman-pavlovic.mooore.sk\/es\/","og_site_name":"Prosman &amp; Pavlovi\u010d oficina del abogado","article_modified_time":"2022-04-01T09:23:05+00:00","twitter_card":"summary_large_image","schema":{"@context":"https:\/\/schema.org","@graph":[{"@type":"WebPage","@id":"https:\/\/prosman-pavlovic.mooore.sk\/es\/","url":"https:\/\/prosman-pavlovic.mooore.sk\/es\/","name":"Servicios legales | Prosman & Pavlovi\u010d","isPartOf":{"@id":"https:\/\/prosman-pavlovic.mooore.sk\/#website"},"datePublished":"2022-01-26T19:59:32+00:00","dateModified":"2022-04-01T09:23:05+00:00","description":"Prestamos servicios legales complejosseg\u00fan los est\u00e1ndares de despachos internacionales, con el m\u00e1ximo \u00e9nfasis en la calidad y eficiencia.","breadcrumb":{"@id":"https:\/\/prosman-pavlovic.mooore.sk\/es\/#breadcrumb"},"inLanguage":"es","potentialAction":[{"@type":"ReadAction","target":["https:\/\/prosman-pavlovic.mooore.sk\/es\/"]}]},{"@type":"BreadcrumbList","@id":"https:\/\/prosman-pavlovic.mooore.sk\/es\/#breadcrumb","itemListElement":[{"@type":"ListItem","position":1,"name":"Home","item":"https:\/\/prosman-pavlovic.mooore.sk\/es\/"},{"@type":"ListItem","position":2,"name":"Domovsk\u00e1 str\u00e1nka"}]},{"@type":"WebSite","@id":"https:\/\/prosman-pavlovic.mooore.sk\/#website","url":"https:\/\/prosman-pavlovic.mooore.sk\/","name":"Prosman &amp; Pavlovi\u010d oficina del abogado","description":"","potentialAction":[{"@type":"SearchAction","target":{"@type":"EntryPoint","urlTemplate":"https:\/\/prosman-pavlovic.mooore.sk\/?s={search_term_string}"},"query-input":"required name=search_term_string"}],"inLanguage":"es"}]}},"_links":{"self":[{"href":"https:\/\/prosman-pavlovic.mooore.sk\/es\/wp-json\/wp\/v2\/pages\/5418","targetHints":{"allow":["GET"]}}],"collection":[{"href":"https:\/\/prosman-pavlovic.mooore.sk\/es\/wp-json\/wp\/v2\/pages"}],"about":[{"href":"https:\/\/prosman-pavlovic.mooore.sk\/es\/wp-json\/wp\/v2\/types\/page"}],"author":[{"embeddable":true,"href":"https:\/\/prosman-pavlovic.mooore.sk\/es\/wp-json\/wp\/v2\/users\/6"}],"replies":[{"embeddable":true,"href":"https:\/\/prosman-pavlovic.mooore.sk\/es\/wp-json\/wp\/v2\/comments?post=5418"}],"version-history":[{"count":4,"href":"https:\/\/prosman-pavlovic.mooore.sk\/es\/wp-json\/wp\/v2\/pages\/5418\/revisions"}],"predecessor-version":[{"id":5772,"href":"https:\/\/prosman-pavlovic.mooore.sk\/es\/wp-json\/wp\/v2\/pages\/5418\/revisions\/5772"}],"wp:attachment":[{"href":"https:\/\/prosman-pavlovic.mooore.sk\/es\/wp-json\/wp\/v2\/media?parent=5418"}],"curies":[{"name":"wp","href":"https:\/\/api.w.org\/{rel}","templated":true}]}}